{"id":600,"date":"2022-10-06T17:41:26","date_gmt":"2022-10-06T15:41:26","guid":{"rendered":"https:\/\/boetech.artofdesign.nl\/?page_id=600"},"modified":"2023-01-03T16:01:19","modified_gmt":"2023-01-03T15:01:19","slug":"drinkwaterbak","status":"publish","type":"page","link":"https:\/\/boetechmeps.com\/de\/stalleinrichtung\/wassertranke\/","title":{"rendered":"Wassertr\u00e4nke"},"content":{"rendered":"<p>[et_pb_section fb_built=&#8221;1&#8243; custom_padding_last_edited=&#8221;on|phone&#8221; _builder_version=&#8221;4.18.0&#8243; _module_preset=&#8221;default&#8221; background_color=&#8221;#E6E4E0&#8243; custom_margin=&#8221;||||false|false&#8221; custom_padding=&#8221;||81px||false|false&#8221; custom_padding_tablet=&#8221;||0px||false|false&#8221; custom_padding_phone=&#8221;||0px||false|false&#8221; global_colors_info=&#8221;{}&#8221;][et_pb_row column_structure=&#8221;1_2,1_2&#8243; _builder_version=&#8221;4.18.0&#8243; _module_preset=&#8221;default&#8221; global_colors_info=&#8221;{}&#8221;][et_pb_column type=&#8221;1_2&#8243; _builder_version=&#8221;4.18.0&#8243; _module_preset=&#8221;default&#8221; global_colors_info=&#8221;{}&#8221;][et_pb_video src=&#8221;https:\/\/www.youtube.com\/watch?v=q7fYnzwPHIc&#8221; image_src=&#8221;https:\/\/boetechmeps.com\/wp-content\/uploads\/2022\/11\/waterbak_01.jpg&#8221; _builder_version=&#8221;4.19.0&#8243; _module_preset=&#8221;default&#8221; border_radii=&#8221;off||||&#8221; global_colors_info=&#8221;{}&#8221;][\/et_pb_video][\/et_pb_column][et_pb_column type=&#8221;1_2&#8243; _builder_version=&#8221;4.18.0&#8243; _module_preset=&#8221;default&#8221; global_colors_info=&#8221;{}&#8221;][dmpro_breadcrumbs bc_home_icon=&#8221;off&#8221; bc_separator=&#8221;symbol&#8221; bc_home_color=&#8221;rgba(49,43,38,0.3)&#8221; bc_separator_sysmbol=&#8221;|&#8221; bc_schema=&#8221;off&#8221; bc_separator_color=&#8221;rgba(49,43,38,0.25)&#8221; bc_active_item_color=&#8221;RGBA(255,255,255,0)&#8221; _builder_version=&#8221;4.18.0&#8243; _module_preset=&#8221;default&#8221; items_font=&#8221;|600||on|||||&#8221; items_text_color=&#8221;rgba(49,43,38,0.25)&#8221; items_font_size=&#8221;13px&#8221; items_line_height=&#8221;0.4em&#8221; active_text_color=&#8221;rgba(49,43,38,0.25)&#8221; custom_margin=&#8221;||30px|0px|false|false&#8221; custom_margin_tablet=&#8221;|||0px|false|false&#8221; custom_margin_phone=&#8221;|||0px|false|false&#8221; custom_margin_last_edited=&#8221;on|phone&#8221; custom_padding=&#8221;||||false|false&#8221; items_line_height_tablet=&#8221;0.4em&#8221; items_line_height_phone=&#8221;0.4em&#8221; items_line_height_last_edited=&#8221;on|phone&#8221; global_colors_info=&#8221;{}&#8221;][\/dmpro_breadcrumbs][et_pb_text _builder_version=&#8221;4.18.0&#8243; _module_preset=&#8221;default&#8221; text_font=&#8221;|600|||||||&#8221; text_text_color=&#8221;#312B26&#8243; text_font_size=&#8221;21px&#8221; custom_margin=&#8221;||4px|||&#8221; global_colors_info=&#8221;{}&#8221;]<\/p>\n<p>Stalleinrichtung<\/p>\n<p>[\/et_pb_text][et_pb_text _builder_version=&#8221;4.18.0&#8243; _module_preset=&#8221;default&#8221; header_text_color=&#8221;#ED7219&#8243; custom_margin=&#8221;||15px|||&#8221; global_colors_info=&#8221;{}&#8221;]<\/p>\n<h1>Wassertr\u00e4nke<\/h1>\n<p>[\/et_pb_text][et_pb_text _builder_version=&#8221;4.18.0&#8243; _module_preset=&#8221;default&#8221; text_font=&#8221;|600|||||||&#8221; custom_margin=&#8221;||40px|||&#8221; global_colors_info=&#8221;{}&#8221;]<\/p>\n<p><span>Die Bedeutung der Wasseraufnahme wird oft untersch\u00e4tzt. Eine Kuh trinkt kein Wasser, wenn es nicht frisch ist. Daher hat Boetech eine kuhfreundliche Tr\u00e4nke entwickelt, bei der das Wohlbefinden und der Komfort der Kuh die Ausgangspunkte waren. Die Tr\u00e4nke und die F\u00fc\u00dfe bestehen aus Edelstahl. Sie ist in verschiedenen Gr\u00f6\u00dfen erh\u00e4ltlich, geeignet f\u00fcr Boden- und Wandmontage.<\/span><\/p>\n<p>[\/et_pb_text][\/et_pb_column][\/et_pb_row][\/et_pb_section][et_pb_section fb_built=&#8221;1&#8243; disabled_on=&#8221;on|on|off&#8221; _builder_version=&#8221;4.18.0&#8243; _module_preset=&#8221;default&#8221; custom_padding=&#8221;76px||0px||false|false&#8221; border_color_top=&#8221;#ED7219&#8243; global_colors_info=&#8221;{}&#8221;][et_pb_row column_structure=&#8221;1_5,1_5,1_5,1_5,1_5&#8243; use_custom_gutter=&#8221;on&#8221; gutter_width=&#8221;1&#8243; _builder_version=&#8221;4.18.0&#8243; _module_preset=&#8221;default&#8221; custom_margin=&#8221;-146px|auto||auto|false|false&#8221; custom_padding=&#8221;0px||2px||false|false&#8221; global_colors_info=&#8221;{}&#8221;][et_pb_column type=&#8221;1_5&#8243; _builder_version=&#8221;4.18.0&#8243; _module_preset=&#8221;default&#8221; global_colors_info=&#8221;{}&#8221;][et_pb_blurb url=&#8221;https:\/\/boetechmeps.com\/stalinrichting\/automatisch-optrekhek&#8221; image_icon_background_color=&#8221;RGBA(255,255,255,0)&#8221; image=&#8221;https:\/\/boetechmeps.com\/wp-content\/uploads\/2022\/09\/icon_category_automatic_lifting_gate.png&#8221; image_icon_width=&#8221;90%&#8221; _builder_version=&#8221;4.18.0&#8243; _module_preset=&#8221;default&#8221; background_color=&#8221;#FFFFFF&#8221; image_icon_custom_padding=&#8221;7px|15px|7px|15px|true|true&#8221; custom_padding=&#8221;18px||18px||true|false&#8221; child_filter_invert=&#8221;50%&#8221; child_filter_opacity=&#8221;40%&#8221; border_radii=&#8221;off|85px|||&#8221; border_radii_image=&#8221;on|200px|200px|200px|200px&#8221; global_colors_info=&#8221;{}&#8221;][\/et_pb_blurb][\/et_pb_column][et_pb_column type=&#8221;1_5&#8243; _builder_version=&#8221;4.18.0&#8243; _module_preset=&#8221;default&#8221; global_colors_info=&#8221;{}&#8221;][et_pb_blurb url=&#8221;https:\/\/boetechmeps.com\/stalinrichting\/split-entry-en-separatie-hekken&#8221; image_icon_background_color=&#8221;RGBA(255,255,255,0)&#8221; image=&#8221;https:\/\/boetechmeps.com\/wp-content\/uploads\/2022\/09\/icon_category_split_entry_and_separation_gates_oranje.png&#8221; image_icon_width=&#8221;90%&#8221; _builder_version=&#8221;4.18.0&#8243; _module_preset=&#8221;default&#8221; background_color=&#8221;#FFFFFF&#8221; image_icon_custom_padding=&#8221;7px|15px|7px|15px|true|true&#8221; custom_padding=&#8221;18px||18px||true|false&#8221; child_filter_invert=&#8221;50%&#8221; child_filter_opacity=&#8221;40%&#8221; border_radii_image=&#8221;on|200px|200px|200px|200px&#8221; global_colors_info=&#8221;{}&#8221;][\/et_pb_blurb][\/et_pb_column][et_pb_column type=&#8221;1_5&#8243; _builder_version=&#8221;4.18.0&#8243; _module_preset=&#8221;default&#8221; global_colors_info=&#8221;{}&#8221;][et_pb_blurb url=&#8221;https:\/\/boetechmeps.com\/stalinrichting\/texas-hekken&#8221; image_icon_background_color=&#8221;RGBA(255,255,255,0)&#8221; image=&#8221;https:\/\/boetechmeps.com\/wp-content\/uploads\/2022\/09\/icon_category_texas_gates_oranje.png&#8221; image_icon_width=&#8221;90%&#8221; _builder_version=&#8221;4.18.0&#8243; _module_preset=&#8221;default&#8221; background_color=&#8221;#FFFFFF&#8221; image_icon_custom_padding=&#8221;7px|15px|7px|15px|true|true&#8221; custom_padding=&#8221;18px||18px||true|false&#8221; child_filter_invert=&#8221;50%&#8221; child_filter_opacity=&#8221;40%&#8221; border_radii_image=&#8221;on|200px|200px|200px|200px&#8221; global_colors_info=&#8221;{}&#8221;][\/et_pb_blurb][\/et_pb_column][et_pb_column type=&#8221;1_5&#8243; _builder_version=&#8221;4.18.0&#8243; _module_preset=&#8221;default&#8221; global_colors_info=&#8221;{}&#8221;][et_pb_blurb url=&#8221;https:\/\/boetechmeps.com\/stalinrichting\/draai-en-telescopische-hekken&#8221; image_icon_background_color=&#8221;RGBA(255,255,255,0)&#8221; image=&#8221;https:\/\/boetechmeps.com\/wp-content\/uploads\/2022\/09\/icon_category_telescopic_and_turning_gates_oranje.png&#8221; image_icon_width=&#8221;90%&#8221; _builder_version=&#8221;4.18.0&#8243; _module_preset=&#8221;default&#8221; background_color=&#8221;#FFFFFF&#8221; image_icon_custom_padding=&#8221;7px|15px|7px|15px|true|true&#8221; custom_padding=&#8221;18px||18px||true|false&#8221; child_filter_invert=&#8221;50%&#8221; child_filter_opacity=&#8221;40%&#8221; border_radii_image=&#8221;on|200px|200px|200px|200px&#8221; global_colors_info=&#8221;{}&#8221;][\/et_pb_blurb][\/et_pb_column][et_pb_column type=&#8221;1_5&#8243; _builder_version=&#8221;4.18.0&#8243; _module_preset=&#8221;default&#8221; global_colors_info=&#8221;{}&#8221;][et_pb_blurb url=&#8221;https:\/\/boetechmeps.com\/stalinrichting\/drinkwaterbak&#8221; image_icon_background_color=&#8221;RGBA(255,255,255,0)&#8221; image=&#8221;https:\/\/boetechmeps.com\/wp-content\/uploads\/2022\/09\/icon_category_drinking_water_trough_orange.png&#8221; image_icon_width=&#8221;90%&#8221; _builder_version=&#8221;4.18.0&#8243; _module_preset=&#8221;default&#8221; background_color=&#8221;#FFFFFF&#8221; image_icon_custom_padding=&#8221;7px|15px|7px|15px|true|true&#8221; custom_padding=&#8221;18px||18px||true|false&#8221; border_radii=&#8221;off||85px||&#8221; border_radii_image=&#8221;on|200px|200px|200px|200px&#8221; global_colors_info=&#8221;{}&#8221;][\/et_pb_blurb][\/et_pb_column][\/et_pb_row][et_pb_row _builder_version=&#8221;4.19.0&#8243; _module_preset=&#8221;default&#8221; global_colors_info=&#8221;{}&#8221;][et_pb_column type=&#8221;4_4&#8243; _builder_version=&#8221;4.19.0&#8243; _module_preset=&#8221;default&#8221; global_colors_info=&#8221;{}&#8221;][et_pb_text _builder_version=&#8221;4.19.4&#8243; _module_preset=&#8221;default&#8221; global_colors_info=&#8221;{}&#8221;]<\/p>\n<h3 style=\"text-align: center;\">Vorteile Boetech Wassertr\u00e4nke<\/h3>\n<p>[\/et_pb_text][\/et_pb_column][\/et_pb_row][et_pb_row column_structure=&#8221;1_2,1_2&#8243; _builder_version=&#8221;4.18.0&#8243; _module_preset=&#8221;default&#8221; global_colors_info=&#8221;{}&#8221;][et_pb_column type=&#8221;1_2&#8243; _builder_version=&#8221;4.18.0&#8243; _module_preset=&#8221;default&#8221; global_colors_info=&#8221;{}&#8221;][et_pb_blurb title=&#8221;Diervriendelijk&#8221; use_icon=&#8221;on&#8221; font_icon=&#8221;&#x52;||divi||400&#8243; icon_color=&#8221;#ED7219&#8243; icon_placement=&#8221;left&#8221; _builder_version=&#8221;4.19.4&#8243; _module_preset=&#8221;default&#8221; header_font=&#8221;||||||||&#8221; header_text_color=&#8221;#ED7219&#8243; header_font_size=&#8221;18px&#8221; header_line_height=&#8221;1.3em&#8221; global_colors_info=&#8221;{}&#8221;]<\/p>\n<p>Keine scharfen Kanten, an denen sich eine Kuh verletzen k\u00f6nnte.<\/p>\n<p>[\/et_pb_blurb][et_pb_blurb title=&#8221;Vlotter klep in het midden&#8221; use_icon=&#8221;on&#8221; font_icon=&#8221;&#x52;||divi||400&#8243; icon_color=&#8221;#ED7219&#8243; icon_placement=&#8221;left&#8221; _builder_version=&#8221;4.19.4&#8243; _module_preset=&#8221;default&#8221; header_font=&#8221;||||||||&#8221; header_text_color=&#8221;#ED7219&#8243; header_font_size=&#8221;18px&#8221; header_line_height=&#8221;1.3em&#8221; global_colors_info=&#8221;{}&#8221;]<\/p>\n<p>Untersuchungen zeigen, dass K\u00fche gern Wasser von den Seiten des Trogs trinken.<\/p>\n<p>[\/et_pb_blurb][et_pb_blurb title=&#8221;Hoge druk vlotter&#8221; use_icon=&#8221;on&#8221; font_icon=&#8221;&#x52;||divi||400&#8243; icon_color=&#8221;#ED7219&#8243; icon_placement=&#8221;left&#8221; _builder_version=&#8221;4.19.4&#8243; _module_preset=&#8221;default&#8221; header_font=&#8221;||||||||&#8221; header_text_color=&#8221;#ED7219&#8243; header_font_size=&#8221;18px&#8221; header_line_height=&#8221;1.3em&#8221; global_colors_info=&#8221;{}&#8221;]<\/p>\n<p class=\"p1\">Ein geringer Widerstand sorgt f\u00fcr maximalen Wasserdurchfluss von bis zu 50 Litern\/Minute.<\/p>\n<p>[\/et_pb_blurb][et_pb_blurb title=&#8221;Eenvoudig te reinigen&#8221; use_icon=&#8221;on&#8221; font_icon=&#8221;&#x52;||divi||400&#8243; icon_color=&#8221;#ED7219&#8243; icon_placement=&#8221;left&#8221; _builder_version=&#8221;4.19.4&#8243; _module_preset=&#8221;default&#8221; header_font=&#8221;||||||||&#8221; header_text_color=&#8221;#ED7219&#8243; header_font_size=&#8221;18px&#8221; header_line_height=&#8221;1.3em&#8221; global_colors_info=&#8221;{}&#8221;]<\/p>\n<p>Keine unzug\u00e4nglichen Bereiche, in denen sich Bakterien ungest\u00f6rt entwickeln k\u00f6nnen. Dank des gro\u00dfen Kugelventils (DN50) l\u00e4sst sich der Trog leicht entleeren.<\/p>\n<p>[\/et_pb_blurb][\/et_pb_column][et_pb_column type=&#8221;1_2&#8243; _builder_version=&#8221;4.18.0&#8243; _module_preset=&#8221;default&#8221; global_colors_info=&#8221;{}&#8221;][et_pb_blurb title=&#8221;Geoptimaliseerd drinkoppervlakte&#8221; use_icon=&#8221;on&#8221; font_icon=&#8221;&#x52;||divi||400&#8243; icon_color=&#8221;#ED7219&#8243; icon_placement=&#8221;left&#8221; _builder_version=&#8221;4.19.4&#8243; _module_preset=&#8221;default&#8221; header_font=&#8221;||||||||&#8221; header_text_color=&#8221;#ED7219&#8243; header_font_size=&#8221;18px&#8221; header_line_height=&#8221;1.3em&#8221; global_colors_info=&#8221;{}&#8221;]<\/p>\n<p class=\"p1\">Mehr Trinkkomfort f\u00fcr die Kuh durch die Form des Trogs und den kompakten Schwimmer.<\/p>\n<p>[\/et_pb_blurb][et_pb_blurb title=&#8221;Eenvoudig te installeren&#8221; use_icon=&#8221;on&#8221; font_icon=&#8221;&#x52;||divi||400&#8243; icon_color=&#8221;#ED7219&#8243; icon_placement=&#8221;left&#8221; _builder_version=&#8221;4.19.4&#8243; _module_preset=&#8221;default&#8221; header_font=&#8221;||||||||&#8221; header_text_color=&#8221;#ED7219&#8243; header_font_size=&#8221;18px&#8221; header_line_height=&#8221;1.3em&#8221; global_colors_info=&#8221;{}&#8221;]<\/p>\n<p class=\"p1\">Die Tr\u00e4nke wird standardm\u00e4\u00dfig nur f\u00fcr die Wandmontage geliefert. Optional kann ein Satz F\u00fc\u00dfe bestellt werden, um die Tr\u00e4nke auf dem Boden zu montieren.<\/p>\n<p>[\/et_pb_blurb][et_pb_blurb title=&#8221;Combinatie met een voorkoeler&#8221; use_icon=&#8221;on&#8221; font_icon=&#8221;&#x52;||divi||400&#8243; icon_color=&#8221;#ED7219&#8243; icon_placement=&#8221;left&#8221; _builder_version=&#8221;4.19.4&#8243; _module_preset=&#8221;default&#8221; header_font=&#8221;||||||||&#8221; header_text_color=&#8221;#ED7219&#8243; header_font_size=&#8221;18px&#8221; header_line_height=&#8221;1.3em&#8221; global_colors_info=&#8221;{}&#8221;]<\/p>\n<p class=\"p1\">M\u00f6glichkeit, vorgek\u00fchltes Wasser direkt in den Trinkwassertrog einzuleiten.<\/p>\n<p>[\/et_pb_blurb][et_pb_blurb title=&#8221;Combinatie met een Lely Discovery stalreiniger&#8221; use_icon=&#8221;on&#8221; font_icon=&#8221;&#x52;||divi||400&#8243; icon_color=&#8221;#ED7219&#8243; icon_placement=&#8221;left&#8221; _builder_version=&#8221;4.19.4&#8243; _module_preset=&#8221;default&#8221; header_font=&#8221;||||||||&#8221; header_text_color=&#8221;#ED7219&#8243; header_font_size=&#8221;18px&#8221; header_line_height=&#8221;1.3em&#8221; hover_enabled=&#8221;0&#8243; global_colors_info=&#8221;{}&#8221; sticky_enabled=&#8221;0&#8243;]<\/p>\n<p>Bei einer Installationsh\u00f6he von 80 cm passt der Stallreiniger Discovery von Lely unter die Tr\u00e4nke.<\/p>\n<p>[\/et_pb_blurb][\/et_pb_column][\/et_pb_row][\/et_pb_section][et_pb_section fb_built=&#8221;1&#8243; _builder_version=&#8221;4.18.0&#8243; _module_preset=&#8221;default&#8221; custom_padding=&#8221;0px|||||&#8221; global_colors_info=&#8221;{}&#8221;][et_pb_row _builder_version=&#8221;4.18.0&#8243; _module_preset=&#8221;default&#8221; global_colors_info=&#8221;{}&#8221;][et_pb_column type=&#8221;4_4&#8243; _builder_version=&#8221;4.18.0&#8243; _module_preset=&#8221;default&#8221; global_colors_info=&#8221;{}&#8221;][dmpro_masonry_gallery images=&#8221;759,776,770,771,777,773,760,775&#8243; columns=&#8221;3&#8243; show_overflow=&#8221;on&#8221; use_overlay=&#8221;off&#8221; use_thumbnails=&#8221;on&#8221; _builder_version=&#8221;4.19.1&#8243; _module_preset=&#8221;default&#8221; global_colors_info=&#8221;{}&#8221;][\/dmpro_masonry_gallery][\/et_pb_column][\/et_pb_row][\/et_pb_section][et_pb_section fb_built=&#8221;1&#8243; _builder_version=&#8221;4.19.0&#8243; _module_preset=&#8221;default&#8221; background_color=&#8221;#000000&#8243; background_image=&#8221;https:\/\/boetechmeps.com\/wp-content\/uploads\/2022\/11\/fw_waterbak.jpg&#8221; parallax=&#8221;on&#8221; custom_padding=&#8221;||350px|||&#8221; global_colors_info=&#8221;{}&#8221;][\/et_pb_section][et_pb_section fb_built=&#8221;1&#8243; _builder_version=&#8221;4.18.0&#8243; _module_preset=&#8221;default&#8221; custom_padding=&#8221;100px||96px|||&#8221; global_colors_info=&#8221;{}&#8221;][\/et_pb_section]<\/p>","protected":false},"excerpt":{"rendered":"<p><div class=\"et_pb_module dmpro_breadcrumbs dmpro_breadcrumbs_0\">\n\t\t\t\t\n\t\t\t\t\n\t\t\t\t\n\t\t\t\t\n\t\t\t\t\n\t\t\t\t\n\t\t\t\t<div class=\"et_pb_module_inner\">\n\t\t\t\t\t<div class=\"dmpro-breadcrumbs\">\n                <ul >\n                                        <li  class=\"dmpro-breadcrumb-item dmpro-breadcrumb-home\">\n                                    <a  href=\"https:\/\/boetechmeps.com\/de\">\n                        <span >\n                                                        Boetech MEPS                        <\/span>\n                    <\/a>\n                            <\/li>\n            \n            <li class=\"dmpro-breadcrumb-separator\">\n                <span class=\"dmpro-separator-symbol\">|<\/span>\n            <\/li>                            <li  class=\"dmpro-breadcrumb-item dmpro-breadcrumb-current\">\n                    <span >\n                                            <\/span>\n                <\/li>\n\n                \n                <\/ul>\n            <\/div>\n\t\t\t\t<\/div>\n\t\t\t<\/div>StalinrichtingDrinkwaterbakHet belang van vochtinname wordt vaak onderschat. Een koe drinkt geen water, dat niet schoon is. Daarom heeft Boetech een koe-vriendelijke drinkwaterbak ontwikkelt waarbij welzijn en koe-comfort de uitgangspunten zijn geweest. De [&hellip;]<\/p>","protected":false},"author":3,"featured_media":0,"parent":187,"menu_order":5,"comment_status":"closed","ping_status":"closed","template":"","meta":{"_et_pb_use_builder":"on","_et_pb_old_content":"","_et_gb_content_width":"","_monsterinsights_skip_tracking":false,"_monsterinsights_sitenote_active":false,"_monsterinsights_sitenote_note":"","_monsterinsights_sitenote_category":0,"footnotes":""},"class_list":["post-600","page","type-page","status-publish","hentry"],"yoast_head":"<!-- This site is optimized with the Yoast SEO plugin v25.5 - https:\/\/yoast.com\/wordpress\/plugins\/seo\/ -->\n<title>Drinkwaterbak - Boetech MEPS<\/title>\n<meta name=\"robots\" content=\"index, follow, max-snippet:-1, max-image-preview:large, max-video-preview:-1\" \/>\n<link rel=\"canonical\" href=\"https:\/\/boetechmeps.com\/de\/stalleinrichtung\/wassertranke\/\" \/>\n<meta property=\"og:locale\" content=\"de_DE\" \/>\n<meta property=\"og:type\" content=\"article\" \/>\n<meta property=\"og:title\" content=\"Drinkwaterbak - Boetech MEPS\" \/>\n<meta property=\"og:url\" content=\"https:\/\/boetechmeps.com\/de\/stalleinrichtung\/wassertranke\/\" \/>\n<meta property=\"og:site_name\" content=\"Boetech MEPS\" \/>\n<meta property=\"article:modified_time\" content=\"2023-01-03T15:01:19+00:00\" \/>\n<meta name=\"twitter:card\" content=\"summary_large_image\" \/>\n<meta name=\"twitter:label1\" content=\"Gesch\u00e4tzte Lesezeit\" \/>\n\t<meta name=\"twitter:data1\" content=\"8\u00a0Minuten\" \/>\n<script type=\"application\/ld+json\" class=\"yoast-schema-graph\">{\"@context\":\"https:\/\/schema.org\",\"@graph\":[{\"@type\":\"WebPage\",\"@id\":\"https:\/\/boetechmeps.com\/stalinrichting\/drinkwaterbak\/\",\"url\":\"https:\/\/boetechmeps.com\/stalinrichting\/drinkwaterbak\/\",\"name\":\"Drinkwaterbak - Boetech MEPS\",\"isPartOf\":{\"@id\":\"https:\/\/boetechmeps.com\/#website\"},\"datePublished\":\"2022-10-06T15:41:26+00:00\",\"dateModified\":\"2023-01-03T15:01:19+00:00\",\"breadcrumb\":{\"@id\":\"https:\/\/boetechmeps.com\/stalinrichting\/drinkwaterbak\/#breadcrumb\"},\"inLanguage\":\"de\",\"potentialAction\":[{\"@type\":\"ReadAction\",\"target\":[\"https:\/\/boetechmeps.com\/stalinrichting\/drinkwaterbak\/\"]}]},{\"@type\":\"BreadcrumbList\",\"@id\":\"https:\/\/boetechmeps.com\/stalinrichting\/drinkwaterbak\/#breadcrumb\",\"itemListElement\":[{\"@type\":\"ListItem\",\"position\":1,\"name\":\"Home\",\"item\":\"https:\/\/boetechmeps.com\/\"},{\"@type\":\"ListItem\",\"position\":2,\"name\":\"Stalinrichting\",\"item\":\"https:\/\/boetechmeps.com\/stalinrichting\/\"},{\"@type\":\"ListItem\",\"position\":3,\"name\":\"Drinkwaterbak\"}]},{\"@type\":\"WebSite\",\"@id\":\"https:\/\/boetechmeps.com\/#website\",\"url\":\"https:\/\/boetechmeps.com\/\",\"name\":\"Boetech MEPS\",\"description\":\"Melkrobot producten en toebehoren\",\"potentialAction\":[{\"@type\":\"SearchAction\",\"target\":{\"@type\":\"EntryPoint\",\"urlTemplate\":\"https:\/\/boetechmeps.com\/?s={search_term_string}\"},\"query-input\":{\"@type\":\"PropertyValueSpecification\",\"valueRequired\":true,\"valueName\":\"search_term_string\"}}],\"inLanguage\":\"de\"}]}<\/script>\n<!-- \/ Yoast SEO plugin. -->","yoast_head_json":{"title":"Drinkwaterbak - Boetech MEPS","robots":{"index":"index","follow":"follow","max-snippet":"max-snippet:-1","max-image-preview":"max-image-preview:large","max-video-preview":"max-video-preview:-1"},"canonical":"https:\/\/boetechmeps.com\/de\/stalleinrichtung\/wassertranke\/","og_locale":"de_DE","og_type":"article","og_title":"Drinkwaterbak - Boetech MEPS","og_url":"https:\/\/boetechmeps.com\/de\/stalleinrichtung\/wassertranke\/","og_site_name":"Boetech MEPS","article_modified_time":"2023-01-03T15:01:19+00:00","twitter_card":"summary_large_image","twitter_misc":{"Gesch\u00e4tzte Lesezeit":"8\u00a0Minuten"},"schema":{"@context":"https:\/\/schema.org","@graph":[{"@type":"WebPage","@id":"https:\/\/boetechmeps.com\/stalinrichting\/drinkwaterbak\/","url":"https:\/\/boetechmeps.com\/stalinrichting\/drinkwaterbak\/","name":"Drinkwaterbak - Boetech MEPS","isPartOf":{"@id":"https:\/\/boetechmeps.com\/#website"},"datePublished":"2022-10-06T15:41:26+00:00","dateModified":"2023-01-03T15:01:19+00:00","breadcrumb":{"@id":"https:\/\/boetechmeps.com\/stalinrichting\/drinkwaterbak\/#breadcrumb"},"inLanguage":"de","potentialAction":[{"@type":"ReadAction","target":["https:\/\/boetechmeps.com\/stalinrichting\/drinkwaterbak\/"]}]},{"@type":"BreadcrumbList","@id":"https:\/\/boetechmeps.com\/stalinrichting\/drinkwaterbak\/#breadcrumb","itemListElement":[{"@type":"ListItem","position":1,"name":"Home","item":"https:\/\/boetechmeps.com\/"},{"@type":"ListItem","position":2,"name":"Stalinrichting","item":"https:\/\/boetechmeps.com\/stalinrichting\/"},{"@type":"ListItem","position":3,"name":"Drinkwaterbak"}]},{"@type":"WebSite","@id":"https:\/\/boetechmeps.com\/#website","url":"https:\/\/boetechmeps.com\/","name":"Boetech MEPS","description":"Melkrobot producten en toebehoren","potentialAction":[{"@type":"SearchAction","target":{"@type":"EntryPoint","urlTemplate":"https:\/\/boetechmeps.com\/?s={search_term_string}"},"query-input":{"@type":"PropertyValueSpecification","valueRequired":true,"valueName":"search_term_string"}}],"inLanguage":"de"}]}},"_links":{"self":[{"href":"https:\/\/boetechmeps.com\/de\/wp-json\/wp\/v2\/pages\/600","targetHints":{"allow":["GET"]}}],"collection":[{"href":"https:\/\/boetechmeps.com\/de\/wp-json\/wp\/v2\/pages"}],"about":[{"href":"https:\/\/boetechmeps.com\/de\/wp-json\/wp\/v2\/types\/page"}],"author":[{"embeddable":true,"href":"https:\/\/boetechmeps.com\/de\/wp-json\/wp\/v2\/users\/3"}],"replies":[{"embeddable":true,"href":"https:\/\/boetechmeps.com\/de\/wp-json\/wp\/v2\/comments?post=600"}],"version-history":[{"count":0,"href":"https:\/\/boetechmeps.com\/de\/wp-json\/wp\/v2\/pages\/600\/revisions"}],"up":[{"embeddable":true,"href":"https:\/\/boetechmeps.com\/de\/wp-json\/wp\/v2\/pages\/187"}],"wp:attachment":[{"href":"https:\/\/boetechmeps.com\/de\/wp-json\/wp\/v2\/media?parent=600"}],"curies":[{"name":"wp","href":"https:\/\/api.w.org\/{rel}","templated":true}]}}